{"id":23518,"date":"2014-07-07T10:51:37","date_gmt":"2014-07-07T10:51:37","guid":{"rendered":"https:\/\/www.prestigemag.co\/about-us-prestige\/"},"modified":"2021-11-22T23:38:16","modified_gmt":"2021-11-22T20:38:16","slug":"about-us-prestige","status":"publish","type":"page","link":"https:\/\/www.prestigemag.co\/fr\/about-us-prestige\/","title":{"rendered":"About us"},"content":{"rendered":"<p><a href=\"http:\/\/www.prestigemag.co\/wp-content\/uploads\/2014\/07\/covers-website-21.jpg\"><img src=\"data:image\/svg+xml,%3Csvg%20xmlns='http:\/\/www.w3.org\/2000\/svg'%20viewBox='0%200%20100%%20247'%3E%3C\/svg%3E\" class=\"zeen-lazy-load-base zeen-lazy-load alignnone size-large wp-image-2046\" data-lazy-src=\"http:\/\/www.prestigemag.co\/wp-content\/uploads\/2014\/07\/covers-website-21-1024x670.jpg\" alt=\"covers website 2\" width=\"100%\" data-lazy-srcset=\"https:\/\/www.prestigemag.co\/wp-content\/uploads\/2014\/07\/covers-website-21-1024x670.jpg 1024w, https:\/\/www.prestigemag.co\/wp-content\/uploads\/2014\/07\/covers-website-21-300x196.jpg 300w, https:\/\/www.prestigemag.co\/wp-content\/uploads\/2014\/07\/covers-website-21-150x98.jpg 150w, https:\/\/www.prestigemag.co\/wp-content\/uploads\/2014\/07\/covers-website-21-572x375.jpg 572w, https:\/\/www.prestigemag.co\/wp-content\/uploads\/2014\/07\/covers-website-21-190x125.jpg 190w, https:\/\/www.prestigemag.co\/wp-content\/uploads\/2014\/07\/covers-website-21-102x67.jpg 102w, https:\/\/www.prestigemag.co\/wp-content\/uploads\/2014\/07\/covers-website-21.jpg 1612w\" data-lazy-sizes=\"(max-width: 1024px) 100vw, 1024px\" \/><noscript><img class=\"alignnone size-large wp-image-2046\" src=\"http:\/\/www.prestigemag.co\/wp-content\/uploads\/2014\/07\/covers-website-21-1024x670.jpg\" alt=\"covers website 2\" width=\"100%\" srcset=\"https:\/\/www.prestigemag.co\/wp-content\/uploads\/2014\/07\/covers-website-21-1024x670.jpg 1024w, https:\/\/www.prestigemag.co\/wp-content\/uploads\/2014\/07\/covers-website-21-300x196.jpg 300w, https:\/\/www.prestigemag.co\/wp-content\/uploads\/2014\/07\/covers-website-21-150x98.jpg 150w, https:\/\/www.prestigemag.co\/wp-content\/uploads\/2014\/07\/covers-website-21-572x375.jpg 572w, https:\/\/www.prestigemag.co\/wp-content\/uploads\/2014\/07\/covers-website-21-190x125.jpg 190w, https:\/\/www.prestigemag.co\/wp-content\/uploads\/2014\/07\/covers-website-21-102x67.jpg 102w, https:\/\/www.prestigemag.co\/wp-content\/uploads\/2014\/07\/covers-website-21.jpg 1612w\" sizes=\"(max-width: 1024px) 100vw, 1024px\" \/><\/noscript><\/a><\/p>\n<p>In 1993 NPI launched <strong>PRESTIGE<\/strong>, monthly French magazine, an innovative press concept in Lebanon.<\/p>\n<p>Ever since, <strong>PRESTIGE <\/strong>is constantly evolving, year after year, by introducing regularly new columns: interviews, fashion, beauty, health, travel, life style, social pages and watches supplement.<\/p>\n<p><strong>PRESTIGE <\/strong>readers are mainly aged between 25 and 64 years old.<\/p>\n<p>They have high income and purchasing power, and belong to social A+, B+, C 1 class.<\/p>\n<p>They generally buy luxury products in the following categories:<\/p>\n<p>-Perfumes &amp; Make-up<\/p>\n<p>-Watches and Jewelry<\/p>\n<p>-Fashion<\/p>\n<p>-Cars<\/p>\n<p><strong>PRESTIGE Circulation: 30,000 copies<\/strong><\/p>\n<p>20,000 copies are distributed in Lebanon,<\/p>\n<p>10,000 copies go around the world and to VIP subscriptions.<\/p>\n<p>Prestige is also available in Google Play and Apple Store<\/p>\n<p><strong>OFFICES<\/strong><\/p>\n<p><strong>Beit M\u00e9ry<\/strong><\/p>\n<p><strong>Kafra Street<\/strong><\/p>\n<p><strong>Prestige Building<\/strong><\/p>\n<p>PO Box: 50-055 Furn el Chebbak<\/p>\n<p>Baabda 10112010<\/p>\n<p>LEBANON<\/p>\n<p>Tel: +961 4 872 601 Fax: +961 4 872 606<\/p>\n<p>email: marketing@prestige.com.lb<\/p>\n","protected":false},"excerpt":{"rendered":"<p>In 1993 NPI launched PRESTIGE, monthly French magazine, an innovative press concept in Lebanon. Ever since, PRESTIGE is constantly evolving, year after year, by introducing regularly new columns: interviews, fashion, beauty, health, travel, life style, social pages and watches supplement. PRESTIGE readers are mainly aged between 25 and 64 years old. They have high income and purchasing power, and belong to social A+, B+, C 1 class. They generally buy luxury products in the following categories: -Perfumes &amp; Make-up -Watches [&hellip;]<\/p>\n","protected":false},"author":3,"featured_media":0,"parent":0,"menu_order":0,"comment_status":"closed","ping_status":"closed","template":"","meta":[],"yoast_head":"<!-- This site is optimized with the Yoast SEO plugin v19.4 - https:\/\/yoast.com\/wordpress\/plugins\/seo\/ -->\n<title>About us - Prestige Magazine<\/title>\n<meta name=\"robots\" content=\"index, follow, max-snippet:-1, max-image-preview:large, max-video-preview:-1\" \/>\n<link rel=\"canonical\" href=\"https:\/\/www.prestigemag.co\/fr\/about-us-prestige\/\" \/>\n<meta property=\"og:locale\" content=\"fr_FR\" \/>\n<meta property=\"og:type\" content=\"article\" \/>\n<meta property=\"og:title\" content=\"About us - Prestige Magazine\" \/>\n<meta property=\"og:description\" content=\"In 1993 NPI launched PRESTIGE, monthly French magazine, an innovative press concept in Lebanon. Ever since, PRESTIGE is constantly evolving, year after year, by introducing regularly new columns: interviews, fashion, beauty, health, travel, life style, social pages and watches supplement. PRESTIGE readers are mainly aged between 25 and 64 years old. They have high income and purchasing power, and belong to social A+, B+, C 1 class. They generally buy luxury products in the following categories: -Perfumes &amp; Make-up -Watches [&hellip;]\" \/>\n<meta property=\"og:url\" content=\"https:\/\/www.prestigemag.co\/fr\/about-us-prestige\/\" \/>\n<meta property=\"og:site_name\" content=\"Prestige Magazine\" \/>\n<meta property=\"article:publisher\" content=\"https:\/\/www.facebook.com\/prestigemag.co\/\" \/>\n<meta property=\"article:modified_time\" content=\"2021-11-22T20:38:16+00:00\" \/>\n<meta property=\"og:image\" content=\"http:\/\/www.prestigemag.co\/wp-content\/uploads\/2014\/07\/covers-website-21-1024x670.jpg\" \/>\n<meta name=\"twitter:card\" content=\"summary\" \/>\n<meta name=\"twitter:label1\" content=\"Dur\u00e9e de lecture estim\u00e9e\" \/>\n\t<meta name=\"twitter:data1\" content=\"1 minute\" \/>\n<script type=\"application\/ld+json\" class=\"yoast-schema-graph\">{\"@context\":\"https:\/\/schema.org\",\"@graph\":[{\"@type\":\"Organization\",\"@id\":\"https:\/\/www.prestigemag.co\/#organization\",\"name\":\"Prestige\",\"url\":\"https:\/\/www.prestigemag.co\/\",\"sameAs\":[\"https:\/\/www.instagram.com\/prestige.mag\/\",\"https:\/\/www.facebook.com\/prestigemag.co\/\"],\"logo\":{\"@type\":\"ImageObject\",\"inLanguage\":\"fr-FR\",\"@id\":\"https:\/\/www.prestigemag.co\/#\/schema\/logo\/image\/\",\"url\":\"https:\/\/www.prestigemag.co\/wp-content\/uploads\/2021\/11\/logo-Prestige-800x200-1.png\",\"contentUrl\":\"https:\/\/www.prestigemag.co\/wp-content\/uploads\/2021\/11\/logo-Prestige-800x200-1.png\",\"width\":800,\"height\":200,\"caption\":\"Prestige\"},\"image\":{\"@id\":\"https:\/\/www.prestigemag.co\/#\/schema\/logo\/image\/\"}},{\"@type\":\"WebSite\",\"@id\":\"https:\/\/www.prestigemag.co\/#website\",\"url\":\"https:\/\/www.prestigemag.co\/\",\"name\":\"Prestige Magazine\",\"description\":\"Le Monde Des C\u00e9l\u00e9brit\u00e9s\",\"publisher\":{\"@id\":\"https:\/\/www.prestigemag.co\/#organization\"},\"potentialAction\":[{\"@type\":\"SearchAction\",\"target\":{\"@type\":\"EntryPoint\",\"urlTemplate\":\"https:\/\/www.prestigemag.co\/?s={search_term_string}\"},\"query-input\":\"required name=search_term_string\"}],\"inLanguage\":\"fr-FR\"},{\"@type\":\"WebPage\",\"@id\":\"https:\/\/www.prestigemag.co\/fr\/about-us-prestige\/\",\"url\":\"https:\/\/www.prestigemag.co\/fr\/about-us-prestige\/\",\"name\":\"About us - Prestige Magazine\",\"isPartOf\":{\"@id\":\"https:\/\/www.prestigemag.co\/#website\"},\"datePublished\":\"2014-07-07T10:51:37+00:00\",\"dateModified\":\"2021-11-22T20:38:16+00:00\",\"breadcrumb\":{\"@id\":\"https:\/\/www.prestigemag.co\/fr\/about-us-prestige\/#breadcrumb\"},\"inLanguage\":\"fr-FR\",\"potentialAction\":[{\"@type\":\"ReadAction\",\"target\":[\"https:\/\/www.prestigemag.co\/fr\/about-us-prestige\/\"]}]},{\"@type\":\"BreadcrumbList\",\"@id\":\"https:\/\/www.prestigemag.co\/fr\/about-us-prestige\/#breadcrumb\",\"itemListElement\":[{\"@type\":\"ListItem\",\"position\":1,\"name\":\"Home\",\"item\":\"https:\/\/www.prestigemag.co\/fr\/\"},{\"@type\":\"ListItem\",\"position\":2,\"name\":\"About us\"}]}]}<\/script>\n<!-- \/ Yoast SEO plugin. -->","yoast_head_json":{"title":"About us - Prestige Magazine","robots":{"index":"index","follow":"follow","max-snippet":"max-snippet:-1","max-image-preview":"max-image-preview:large","max-video-preview":"max-video-preview:-1"},"canonical":"https:\/\/www.prestigemag.co\/fr\/about-us-prestige\/","og_locale":"fr_FR","og_type":"article","og_title":"About us - Prestige Magazine","og_description":"In 1993 NPI launched PRESTIGE, monthly French magazine, an innovative press concept in Lebanon. Ever since, PRESTIGE is constantly evolving, year after year, by introducing regularly new columns: interviews, fashion, beauty, health, travel, life style, social pages and watches supplement. PRESTIGE readers are mainly aged between 25 and 64 years old. They have high income and purchasing power, and belong to social A+, B+, C 1 class. They generally buy luxury products in the following categories: -Perfumes &amp; Make-up -Watches [&hellip;]","og_url":"https:\/\/www.prestigemag.co\/fr\/about-us-prestige\/","og_site_name":"Prestige Magazine","article_publisher":"https:\/\/www.facebook.com\/prestigemag.co\/","article_modified_time":"2021-11-22T20:38:16+00:00","og_image":[{"url":"http:\/\/www.prestigemag.co\/wp-content\/uploads\/2014\/07\/covers-website-21-1024x670.jpg"}],"twitter_card":"summary","twitter_misc":{"Dur\u00e9e de lecture estim\u00e9e":"1 minute"},"schema":{"@context":"https:\/\/schema.org","@graph":[{"@type":"Organization","@id":"https:\/\/www.prestigemag.co\/#organization","name":"Prestige","url":"https:\/\/www.prestigemag.co\/","sameAs":["https:\/\/www.instagram.com\/prestige.mag\/","https:\/\/www.facebook.com\/prestigemag.co\/"],"logo":{"@type":"ImageObject","inLanguage":"fr-FR","@id":"https:\/\/www.prestigemag.co\/#\/schema\/logo\/image\/","url":"https:\/\/www.prestigemag.co\/wp-content\/uploads\/2021\/11\/logo-Prestige-800x200-1.png","contentUrl":"https:\/\/www.prestigemag.co\/wp-content\/uploads\/2021\/11\/logo-Prestige-800x200-1.png","width":800,"height":200,"caption":"Prestige"},"image":{"@id":"https:\/\/www.prestigemag.co\/#\/schema\/logo\/image\/"}},{"@type":"WebSite","@id":"https:\/\/www.prestigemag.co\/#website","url":"https:\/\/www.prestigemag.co\/","name":"Prestige Magazine","description":"Le Monde Des C\u00e9l\u00e9brit\u00e9s","publisher":{"@id":"https:\/\/www.prestigemag.co\/#organization"},"potentialAction":[{"@type":"SearchAction","target":{"@type":"EntryPoint","urlTemplate":"https:\/\/www.prestigemag.co\/?s={search_term_string}"},"query-input":"required name=search_term_string"}],"inLanguage":"fr-FR"},{"@type":"WebPage","@id":"https:\/\/www.prestigemag.co\/fr\/about-us-prestige\/","url":"https:\/\/www.prestigemag.co\/fr\/about-us-prestige\/","name":"About us - Prestige Magazine","isPartOf":{"@id":"https:\/\/www.prestigemag.co\/#website"},"datePublished":"2014-07-07T10:51:37+00:00","dateModified":"2021-11-22T20:38:16+00:00","breadcrumb":{"@id":"https:\/\/www.prestigemag.co\/fr\/about-us-prestige\/#breadcrumb"},"inLanguage":"fr-FR","potentialAction":[{"@type":"ReadAction","target":["https:\/\/www.prestigemag.co\/fr\/about-us-prestige\/"]}]},{"@type":"BreadcrumbList","@id":"https:\/\/www.prestigemag.co\/fr\/about-us-prestige\/#breadcrumb","itemListElement":[{"@type":"ListItem","position":1,"name":"Home","item":"https:\/\/www.prestigemag.co\/fr\/"},{"@type":"ListItem","position":2,"name":"About us"}]}]}},"_links":{"self":[{"href":"https:\/\/www.prestigemag.co\/fr\/wp-json\/wp\/v2\/pages\/23518"}],"collection":[{"href":"https:\/\/www.prestigemag.co\/fr\/wp-json\/wp\/v2\/pages"}],"about":[{"href":"https:\/\/www.prestigemag.co\/fr\/wp-json\/wp\/v2\/types\/page"}],"author":[{"embeddable":true,"href":"https:\/\/www.prestigemag.co\/fr\/wp-json\/wp\/v2\/users\/3"}],"replies":[{"embeddable":true,"href":"https:\/\/www.prestigemag.co\/fr\/wp-json\/wp\/v2\/comments?post=23518"}],"version-history":[{"count":1,"href":"https:\/\/www.prestigemag.co\/fr\/wp-json\/wp\/v2\/pages\/23518\/revisions"}],"predecessor-version":[{"id":23520,"href":"https:\/\/www.prestigemag.co\/fr\/wp-json\/wp\/v2\/pages\/23518\/revisions\/23520"}],"wp:attachment":[{"href":"https:\/\/www.prestigemag.co\/fr\/wp-json\/wp\/v2\/media?parent=23518"}],"curies":[{"name":"wp","href":"https:\/\/api.w.org\/{rel}","templated":true}]}}